{"id":2,"date":"2023-03-05T15:09:39","date_gmt":"2023-03-05T15:09:39","guid":{"rendered":"http:\/\/www.luukoski.net\/?page_id=2"},"modified":"2025-10-26T14:09:49","modified_gmt":"2025-10-26T12:09:49","slug":"sample-page","status":"publish","type":"page","link":"https:\/\/www.luukoski.net\/?page_id=2","title":{"rendered":"Team LuuKoski"},"content":{"rendered":"<div class=\"wp-block-image is-resized is-style-rounded\">\n<figure class=\"alignright size-medium\"><img loading=\"lazy\" decoding=\"async\" width=\"240\" height=\"300\" src=\"http:\/\/www.luukoski.net\/wp-content\/uploads\/2023\/07\/facebook_1690113174636_7088848448828609975-240x300.jpg\" alt=\"\" class=\"wp-image-91\" style=\"width:292px;height:auto\" srcset=\"https:\/\/www.luukoski.net\/wp-content\/uploads\/2023\/07\/facebook_1690113174636_7088848448828609975-240x300.jpg 240w, https:\/\/www.luukoski.net\/wp-content\/uploads\/2023\/07\/facebook_1690113174636_7088848448828609975-819x1024.jpg 819w, https:\/\/www.luukoski.net\/wp-content\/uploads\/2023\/07\/facebook_1690113174636_7088848448828609975-768x960.jpg 768w, https:\/\/www.luukoski.net\/wp-content\/uploads\/2023\/07\/facebook_1690113174636_7088848448828609975.jpg 1080w\" sizes=\"auto, (max-width: 240px) 100vw, 240px\" \/><figcaption class=\"wp-element-caption\">  <br>   Kuva: <em>SayVendace<\/em><\/figcaption><\/figure><\/div>\n\n<div class=\"alignleft wp-block-site-logo\"><a href=\"https:\/\/www.luukoski.net\/\" class=\"custom-logo-link\" rel=\"home\"><img loading=\"lazy\" decoding=\"async\" width=\"90\" height=\"87\" src=\"https:\/\/www.luukoski.net\/wp-content\/uploads\/2023\/03\/cropped-cropped-Logo-1.jpg\" class=\"custom-logo\" alt=\"Team LuuKoski\" srcset=\"https:\/\/www.luukoski.net\/wp-content\/uploads\/2023\/03\/cropped-cropped-Logo-1.jpg 152w, https:\/\/www.luukoski.net\/wp-content\/uploads\/2023\/03\/cropped-cropped-Logo-1-150x147.jpg 150w\" sizes=\"auto, (max-width: 90px) 100vw, 90px\" \/><\/a><\/div>\n\n\n<p class=\"has-text-align-left has-pale-pink-color has-black-background-color has-text-color has-background has-medium-font-size\"><strong>Team LuuKoski on yht\u00e4 kuin JiiPee &amp; Minna. Aviopari, jolla vahva osaaminen el\u00e4inalalta. Team LuuKosken logon on taiteillut upea ja lahjakas el\u00e4inalan yritt\u00e4j\u00e4 Mona Nappari\/Tmi Mona Nappari.<\/strong><br><br><strong>Minna on koiralinjan k\u00e4ynyt el\u00e4intenhoitaja (PT),&nbsp;klinikkael\u00e4inhoitaja (AT), sek\u00e4 tallimestari (EAT). Vuonna 2024 Minna on aloittanut yhteis\u00f6pedagogi (AMK), sek\u00e4 johtamisen ja yritysjohtamisen erikoisammattitutkinnon opinnot. Minnalla on my\u00f6s siittola-avustajan p\u00e4tevyys. Jukka-Pekka (JiiPee) on tekninen piirt\u00e4j\u00e4, joka on opiskellut 2018 hevostalouden osatutkinnon (60osp) kengityksen osalta hyvin arvosanoin, sek\u00e4 valmistunut joulukuussa 2024 hevostalouden ammattitutkintoon kengitt\u00e4j\u00e4ksi (AT).<\/strong><\/p>\n\n\n\n<p class=\"has-black-background-color has-text-color has-background has-medium-font-size\" style=\"color:#f78da6\"><strong>Meill\u00e4 asuu nelj\u00e4 koiraa, kolme hevosta, sek\u00e4 32-vuotias ponimummo. <\/strong><br><br><strong>Koirista Belgianpaimenkoira malinois Seppo, sek\u00e4 hollanninpaimenkoirat Hannu ja Kerttu ovat Minnan harrastuskoiria ja plottinajokoira Kaija on JiiPeen mets\u00e4styskoira. Shetlanninponitamma Merry on seniorikaviokas ja suomenhevosori Vallu toimii meid\u00e4n omana mielenterveyshoitajana harrastusk\u00e4yt\u00f6ss\u00e4 j\u00e4\u00e4ty\u00e4\u00e4n raviuraltaan el\u00e4kkeelle. L\u00e4mminveriruuna Kalle toimii loistavana seurahevosena ja siit\u00e4 tulikin v\u00e4litt\u00f6m\u00e4sti tuoreimman tulokkaamme Kaapon bestis. Kaapo tuli Jiipeen ikiomaksi hevoseksi, vaikka onkin meid\u00e4n molempien yhteisomistuksessa, ja on startannut meilt\u00e4 jo muutaman startin voittaenkin yhden paikallisravil\u00e4hd\u00f6n.<br><br>Avioparina olemme huumorintajuisia heitt\u00e4ytyji\u00e4 ja yhdess\u00e4 loistava tiimi.<\/strong><br><\/p>\n\n\n\n<figure class=\"wp-block-pullquote has-medium-font-size\"><blockquote><p><em>&#8221;Kun rakkaus ja taito yhdistyv\u00e4t, syntyy mestariteos.&#8221;<br>&#8211; John Ruskin<\/em><\/p><\/blockquote><\/figure>\n","protected":false},"excerpt":{"rendered":"<p>Team LuuKoski on yht\u00e4 kuin JiiPee &amp; Minna. Aviopari, jolla vahva osaaminen el\u00e4inalalta. Team LuuKosken logon on taiteillut upea ja lahjakas el\u00e4inalan<\/p>\n<p class=\"link-more\"><a class=\"myButt \" href=\"https:\/\/www.luukoski.net\/?page_id=2\">Read More<\/a><\/p>\n","protected":false},"author":1,"featured_media":0,"parent":0,"menu_order":0,"comment_status":"closed","ping_status":"open","template":"","meta":{"footnotes":""},"class_list":["post-2","page","type-page","status-publish","hentry"],"_links":{"self":[{"href":"https:\/\/www.luukoski.net\/index.php?rest_route=\/wp\/v2\/pages\/2","targetHints":{"allow":["GET"]}}],"collection":[{"href":"https:\/\/www.luukoski.net\/index.php?rest_route=\/wp\/v2\/pages"}],"about":[{"href":"https:\/\/www.luukoski.net\/index.php?rest_route=\/wp\/v2\/types\/page"}],"author":[{"embeddable":true,"href":"https:\/\/www.luukoski.net\/index.php?rest_route=\/wp\/v2\/users\/1"}],"replies":[{"embeddable":true,"href":"https:\/\/www.luukoski.net\/index.php?rest_route=%2Fwp%2Fv2%2Fcomments&post=2"}],"version-history":[{"count":21,"href":"https:\/\/www.luukoski.net\/index.php?rest_route=\/wp\/v2\/pages\/2\/revisions"}],"predecessor-version":[{"id":331,"href":"https:\/\/www.luukoski.net\/index.php?rest_route=\/wp\/v2\/pages\/2\/revisions\/331"}],"wp:attachment":[{"href":"https:\/\/www.luukoski.net\/index.php?rest_route=%2Fwp%2Fv2%2Fmedia&parent=2"}],"curies":[{"name":"wp","href":"https:\/\/api.w.org\/{rel}","templated":true}]}}