{"id":263,"date":"2023-11-14T20:13:09","date_gmt":"2023-11-14T18:13:09","guid":{"rendered":"https:\/\/www.luukoski.net\/?page_id=263"},"modified":"2025-07-08T14:57:50","modified_gmt":"2025-07-08T12:57:50","slug":"hinnasto-2023","status":"publish","type":"page","link":"https:\/\/www.luukoski.net\/?page_id=263","title":{"rendered":"Hinnasto 2025"},"content":{"rendered":"\n<p class=\"has-text-align-left has-black-color has-pale-pink-background-color has-text-color has-background has-link-color has-medium-font-size wp-elements-9fa0f3f595004758dd2b41686bbeee02\" style=\"text-transform:none\"><strong>JiiPeen kengityshinnasto<br><\/strong><br><strong>Vuolu 35\u20ac<br>Irtokenk\u00e4 25\u20ac<br>Kengitys talvi 75\u20ac omistajan omilla kengill\u00e4<br>Kengitys kes\u00e4 65\u20ac omistajan omilla kengill\u00e4<br>Keng\u00e4t, hokit ja tilsakumit erikseen<br>Hinnat sis\u00e4lt\u00e4v\u00e4t kilometrit Pyh\u00e4nn\u00e4n Viitam\u00e4elt\u00e4 20km. <br>Ylimenev\u00e4t kilometrit 45snt\/km.<br>Maksu ennakko, k\u00e4teinen tai mobilepay.<\/strong><br><br>Minnan hinnasto<br><br>Kynsien leikkuu (kissa, koira, kani) 10\u20ac<br>Kynsien leikkuu haastava (kissa, koira, kani) 20\u20ac<br>L\u00e4\u00e4kkeen anto, punkin poisto tai muu pieni toimenpide 5\u20ac<br><br>Mik\u00e4li kaipaat apua el\u00e4imen kouluttamiseen, tms., niin ota yhteytt\u00e4. <br><br>Hinnat meill\u00e4 kotona Pyh\u00e4nn\u00e4n Viitam\u00e4ess\u00e4 tai muualle omien kulkujen yhteydess\u00e4.<\/p>\n","protected":false},"excerpt":{"rendered":"<p>JiiPeen kengityshinnastoVuolu 35\u20acIrtokenk\u00e4 25\u20acKengitys talvi 75\u20ac omistajan omilla kengill\u00e4Kengitys kes\u00e4 65\u20ac omistajan omilla kengill\u00e4Keng\u00e4t, hokit ja tilsakumit erikseenHinnat sis\u00e4lt\u00e4v\u00e4t kilometrit Pyh\u00e4nn\u00e4n Viitam\u00e4elt\u00e4<\/p>\n<p class=\"link-more\"><a class=\"myButt \" href=\"https:\/\/www.luukoski.net\/?page_id=263\">Read More<\/a><\/p>\n","protected":false},"author":1,"featured_media":169,"parent":0,"menu_order":0,"comment_status":"closed","ping_status":"closed","template":"","meta":{"footnotes":""},"class_list":["post-263","page","type-page","status-publish","has-post-thumbnail","hentry"],"_links":{"self":[{"href":"https:\/\/www.luukoski.net\/index.php?rest_route=\/wp\/v2\/pages\/263","targetHints":{"allow":["GET"]}}],"collection":[{"href":"https:\/\/www.luukoski.net\/index.php?rest_route=\/wp\/v2\/pages"}],"about":[{"href":"https:\/\/www.luukoski.net\/index.php?rest_route=\/wp\/v2\/types\/page"}],"author":[{"embeddable":true,"href":"https:\/\/www.luukoski.net\/index.php?rest_route=\/wp\/v2\/users\/1"}],"replies":[{"embeddable":true,"href":"https:\/\/www.luukoski.net\/index.php?rest_route=%2Fwp%2Fv2%2Fcomments&post=263"}],"version-history":[{"count":4,"href":"https:\/\/www.luukoski.net\/index.php?rest_route=\/wp\/v2\/pages\/263\/revisions"}],"predecessor-version":[{"id":317,"href":"https:\/\/www.luukoski.net\/index.php?rest_route=\/wp\/v2\/pages\/263\/revisions\/317"}],"wp:featuredmedia":[{"embeddable":true,"href":"https:\/\/www.luukoski.net\/index.php?rest_route=\/wp\/v2\/media\/169"}],"wp:attachment":[{"href":"https:\/\/www.luukoski.net\/index.php?rest_route=%2Fwp%2Fv2%2Fmedia&parent=263"}],"curies":[{"name":"wp","href":"https:\/\/api.w.org\/{rel}","templated":true}]}}