{"id":38,"date":"2023-03-08T14:34:23","date_gmt":"2023-03-08T14:34:23","guid":{"rendered":"http:\/\/www.luukoski.net\/?page_id=38"},"modified":"2025-10-26T14:01:03","modified_gmt":"2025-10-26T12:01:03","slug":"jukka-pekka-korkiakoski","status":"publish","type":"page","link":"https:\/\/www.luukoski.net\/?page_id=38","title":{"rendered":"Jukka-Pekka Korkiakoski"},"content":{"rendered":"<div class=\"wp-block-image\">\n<figure class=\"alignleft size-large is-resized\"><img loading=\"lazy\" decoding=\"async\" width=\"602\" height=\"1024\" src=\"http:\/\/www.luukoski.net\/wp-content\/uploads\/2023\/03\/2023-03-08-15-11-39-145-602x1024.jpg\" alt=\"\" class=\"wp-image-35\" style=\"width:333px;height:auto\" srcset=\"https:\/\/www.luukoski.net\/wp-content\/uploads\/2023\/03\/2023-03-08-15-11-39-145-602x1024.jpg 602w, https:\/\/www.luukoski.net\/wp-content\/uploads\/2023\/03\/2023-03-08-15-11-39-145-176x300.jpg 176w, https:\/\/www.luukoski.net\/wp-content\/uploads\/2023\/03\/2023-03-08-15-11-39-145-768x1307.jpg 768w, https:\/\/www.luukoski.net\/wp-content\/uploads\/2023\/03\/2023-03-08-15-11-39-145-902x1536.jpg 902w, https:\/\/www.luukoski.net\/wp-content\/uploads\/2023\/03\/2023-03-08-15-11-39-145-1203x2048.jpg 1203w, https:\/\/www.luukoski.net\/wp-content\/uploads\/2023\/03\/2023-03-08-15-11-39-145.jpg 1504w\" sizes=\"auto, (max-width: 602px) 100vw, 602px\" \/><\/figure><\/div>\n\n\n<p class=\"has-medium-font-size\">Jukka-Pekka &#8221;JiiPee&#8221; Korkiakoski on Kainuusta kotoisin oleva, reilu nelikymppinen nuori mies. Jiipee on tehnyt el\u00e4m\u00e4ss\u00e4\u00e4n monenlaista. Ty\u00f6kokemusta on muun muassa raivaust\u00f6ist\u00e4, rakennust\u00f6ist\u00e4, nuorisoty\u00f6st\u00e4, paikallisen ikkuna- ja ovitehtaan jokaisesta ty\u00f6pisteest\u00e4, tiimin vet\u00e4misest\u00e4 ja ty\u00f6njohtoteht\u00e4vist\u00e4. JiiPee ja Minna tutustuivat ollessaan vuosia ty\u00f6kevereina Pyh\u00e4nn\u00e4ll\u00e4 sijaitsevassa ikkuna- ja ovitehtaassa. 2023 JiiPee aloitti osa-aikaisena ammatinohjaajana Yl\u00e4-Savon ammattiopistolla. <br><br>Jiipeen nuoruudessa heill\u00e4 kotona on ollut paljon erilaisia el\u00e4imi\u00e4, joiden hoitoon on arjessa t\u00e4ytynyt ja saanut osallistua. H\u00e4n on p\u00e4\u00e4ssyt tutustumaan mm. lampaiden, sikojen, lehmien, kanien, koirien ja kissojen hoitoon. Lis\u00e4ksi h\u00e4nen siskoillaan on ollut hevosia, joita Jiipee on &#8221;joutunut&#8221; v\u00e4lill\u00e4 ruokkimaan ja taluttelemaan tallista ulos ja takaisin. Silloin, kun Minna ja Jiipee tutustuivat Jiipeell\u00e4 oli kotonaan koiria.<br><br>Vuodet kuluivat ja el\u00e4m\u00e4 vei siihen suuntaan, ett\u00e4 Minna ja Jiipee l\u00f6ysiv\u00e4t toisensa muutenkin, kuin vain ty\u00f6kavereina. Kun tuli yhteen muuton aika, Jiipee ilmoitti ponnekkaasti, ett\u00e4 &#8221;hevosia en sitten ala hoitamaan&#8221;, Minnalla kun hevonen sattui olemaan. Yhteen muuton j\u00e4lkeen hevonen muutti nopeasti t\u00e4ysihoitotallista omaan pihaan ja sille piti tietysti etsi\u00e4 kaveri. Lopputuloksena tontille muutti kaksi vanhaa shetlanninponia loppuel\u00e4m\u00e4n yll\u00e4pitoon, sek\u00e4 l\u00e4mminverinen tamma, joka tuli puoliksi molempien nimiin. Tunnollisesti Jiipeekin hevosia sitten hoiti ja niiden sielunel\u00e4m\u00e4\u00e4 opetteli. K\u00e4ytiin yhdess\u00e4 my\u00f6s ajamassa ja ratsastamassa. Nyky\u00e4\u00e4n suomenhevosori Vallu onkin Jiipeen silm\u00e4ter\u00e4. Tammikuussa 2024 Jiipee sai &#8221;ikioman&#8221; l\u00e4mminveriruuna Kaapon, jolla on viel\u00e4 radoilta rahoja juoksematta. <br><br>Syksyll\u00e4 2017 Jiipee haki Minnalta salassa YSAO:lle Kiuruveden Hingunniemeen opiskelemaan perustietoutta ja taitoa kengityksest\u00e4. Koulun ovet aukenivat ja opintojen edetess\u00e4 Jiipee harjoitteli koululla ja omilla hevosilla, sek\u00e4 jonkin verran tuttujen ja kavereiden hevosilla. Mentorina Jiipeell\u00e4 alussa oli koulun opettajien lis\u00e4ksi taitava kengitt\u00e4j\u00e4 CE-F Henna Luomajoki, josta oli ja on edelleen valtava tuki ja apu aina tarvittaessa. Kev\u00e4\u00e4ll\u00e4 2018 Jiipee k\u00e4vi tekem\u00e4ss\u00e4 viimeiset n\u00e4yt\u00f6t ja tuli kotiin hyv\u00e4ksyttyjen n\u00e4ytt\u00f6jen, sek\u00e4 kehujen kera. Opintoja kertyi 60osp verran, eli mist\u00e4\u00e4n viikon kurssista ei ollut kyse. Siit\u00e4 l\u00e4htien Jiipee on hoitanut omien hevosten kengitykset, sek\u00e4 vuolut ja on jo vuosia hoitanut kaikkia oman talouden el\u00e4imi\u00e4 pyyteett\u00f6m\u00e4sti ja huolella. <br><br>Hiljalleen hurahtaminen hevosiin on syventynyt ja vuonna 2022 Jiipee hakikin j\u00e4lleen YSAO:lle opiskelemaan kengityst\u00e4 ja p\u00e4\u00e4si sis\u00e4\u00e4n. Tammikuussa 2023 alkoivat opinnot hevostalouden ammattitutkintoon, kengitt\u00e4j\u00e4ksi. Yritystoiminnan n\u00e4yt\u00f6t olivatkin yll\u00e4tt\u00e4en vaikeimmat, mutta lopulta nekin saatiin plakkariin ja joulukuussa 2024 Jiipee valmistui ja on nyt hevostalouden ammattitutkinnon suorittanut kengitt\u00e4j\u00e4. El\u00e4imien k\u00e4sittelij\u00e4n\u00e4 Jiipee on rauhallinen ja varmaotteinen. Jiipee onkin p\u00e4\u00e4ssyt kengitt\u00e4m\u00e4\u00e4n hyvinkin erilaisia, ja eri ik\u00e4isi\u00e4 hevosia. Viime aikoina Jiipeen kiinnostus varsojen opettamiseen on her\u00e4nnyt ja viime aikoina h\u00e4n onkin ollut mukana ajo-opettamassa yht\u00e4 l\u00e4mminverivarsaa, joka on jo parit harjoitusravit k\u00e4ynyt hienosti juoksemassa. Pahalta n\u00e4ytt\u00e4\u00e4, ett\u00e4 oma varsakuume nousee siin\u00e4 sivussa.<br><br>Jiipee on k\u00e4ynyt my\u00f6s Hippoksen vastuuvalmentaja-kurssin ja oma hevosemme onkin jo muutaman startin juossut. Kengitett\u00e4vi\u00e4 Jiipeelle mahtuu rajallisesti p\u00e4iv\u00e4ty\u00f6n oheen.<br><\/p>\n\n\n<div class=\"wp-block-image is-style-rounded\">\n<figure class=\"alignright size-large is-resized\"><img loading=\"lazy\" decoding=\"async\" width=\"768\" height=\"1024\" src=\"http:\/\/www.luukoski.net\/wp-content\/uploads\/2023\/11\/20230728_114209-768x1024.jpg\" alt=\"\" class=\"wp-image-169\" style=\"width:263px;height:auto\" srcset=\"https:\/\/www.luukoski.net\/wp-content\/uploads\/2023\/11\/20230728_114209-768x1024.jpg 768w, https:\/\/www.luukoski.net\/wp-content\/uploads\/2023\/11\/20230728_114209-225x300.jpg 225w, https:\/\/www.luukoski.net\/wp-content\/uploads\/2023\/11\/20230728_114209-1152x1536.jpg 1152w, https:\/\/www.luukoski.net\/wp-content\/uploads\/2023\/11\/20230728_114209-1536x2048.jpg 1536w, https:\/\/www.luukoski.net\/wp-content\/uploads\/2023\/11\/20230728_114209-scaled.jpg 1920w\" sizes=\"auto, (max-width: 768px) 100vw, 768px\" \/><\/figure><\/div>\n\n\n<ul class=\"wp-block-social-links alignleft has-large-icon-size has-visible-labels is-content-justification-right is-nowrap is-layout-flex wp-container-core-social-links-is-layout-fd526d70 wp-block-social-links-is-layout-flex\"><li class=\"wp-social-link wp-social-link-mail  wp-block-social-link\"><a href=\"mailto:j&#105;i&#112;&#101;&#101;&#064;&#108;u&#117;&#107;&#111;&#115;k&#105;&#046;n&#101;t\" class=\"wp-block-social-link-anchor\"><svg width=\"24\" height=\"24\" viewBox=\"0 0 24 24\" version=\"1.1\" xmlns=\"http:\/\/www.w3.org\/2000\/svg\" aria-hidden=\"true\" focusable=\"false\"><path d=\"M19,5H5c-1.1,0-2,.9-2,2v10c0,1.1.9,2,2,2h14c1.1,0,2-.9,2-2V7c0-1.1-.9-2-2-2zm.5,12c0,.3-.2.5-.5.5H5c-.3,0-.5-.2-.5-.5V9.8l7.5,5.6,7.5-5.6V17zm0-9.1L12,13.6,4.5,7.9V7c0-.3.2-.5.5-.5h14c.3,0,.5.2.5.5v.9z\"><\/path><\/svg><span class=\"wp-block-social-link-label\">Mail<\/span><\/a><\/li><\/ul>\n\n\n\n<br>\n","protected":false},"excerpt":{"rendered":"<p>Jukka-Pekka &#8221;JiiPee&#8221; Korkiakoski on Kainuusta kotoisin oleva, reilu nelikymppinen nuori mies. Jiipee on tehnyt el\u00e4m\u00e4ss\u00e4\u00e4n monenlaista. Ty\u00f6kokemusta on muun muassa raivaust\u00f6ist\u00e4, rakennust\u00f6ist\u00e4,<\/p>\n<p class=\"link-more\"><a class=\"myButt \" href=\"https:\/\/www.luukoski.net\/?page_id=38\">Read More<\/a><\/p>\n","protected":false},"author":1,"featured_media":0,"parent":0,"menu_order":0,"comment_status":"closed","ping_status":"closed","template":"","meta":{"footnotes":""},"class_list":["post-38","page","type-page","status-publish","hentry"],"_links":{"self":[{"href":"https:\/\/www.luukoski.net\/index.php?rest_route=\/wp\/v2\/pages\/38","targetHints":{"allow":["GET"]}}],"collection":[{"href":"https:\/\/www.luukoski.net\/index.php?rest_route=\/wp\/v2\/pages"}],"about":[{"href":"https:\/\/www.luukoski.net\/index.php?rest_route=\/wp\/v2\/types\/page"}],"author":[{"embeddable":true,"href":"https:\/\/www.luukoski.net\/index.php?rest_route=\/wp\/v2\/users\/1"}],"replies":[{"embeddable":true,"href":"https:\/\/www.luukoski.net\/index.php?rest_route=%2Fwp%2Fv2%2Fcomments&post=38"}],"version-history":[{"count":33,"href":"https:\/\/www.luukoski.net\/index.php?rest_route=\/wp\/v2\/pages\/38\/revisions"}],"predecessor-version":[{"id":327,"href":"https:\/\/www.luukoski.net\/index.php?rest_route=\/wp\/v2\/pages\/38\/revisions\/327"}],"wp:attachment":[{"href":"https:\/\/www.luukoski.net\/index.php?rest_route=%2Fwp%2Fv2%2Fmedia&parent=38"}],"curies":[{"name":"wp","href":"https:\/\/api.w.org\/{rel}","templated":true}]}}