{"id":51,"date":"2023-03-08T15:22:21","date_gmt":"2023-03-08T15:22:21","guid":{"rendered":"http:\/\/www.luukoski.net\/?page_id=51"},"modified":"2025-11-15T14:52:58","modified_gmt":"2025-11-15T12:52:58","slug":"minna","status":"publish","type":"page","link":"https:\/\/www.luukoski.net\/?page_id=51","title":{"rendered":"Minna Luukinen"},"content":{"rendered":"<div class=\"wp-block-image is-style-default\">\n<figure data-wp-context=\"{&quot;imageId&quot;:&quot;69f4af224f2c8&quot;}\" data-wp-interactive=\"core\/image\" class=\"alignleft size-large is-resized wp-lightbox-container\"><img loading=\"lazy\" decoding=\"async\" width=\"682\" height=\"1024\" data-wp-class--hide=\"state.isContentHidden\" data-wp-class--show=\"state.isContentVisible\" data-wp-init=\"callbacks.setButtonStyles\" data-wp-on-async--click=\"actions.showLightbox\" data-wp-on-async--load=\"callbacks.setButtonStyles\" data-wp-on-async-window--resize=\"callbacks.setButtonStyles\" src=\"http:\/\/www.luukoski.net\/wp-content\/uploads\/2023\/03\/2023-03-07-22-05-10-882-682x1024.jpg\" alt=\"\" class=\"wp-image-27\" style=\"width:310px;height:auto\" srcset=\"https:\/\/www.luukoski.net\/wp-content\/uploads\/2023\/03\/2023-03-07-22-05-10-882-682x1024.jpg 682w, https:\/\/www.luukoski.net\/wp-content\/uploads\/2023\/03\/2023-03-07-22-05-10-882-200x300.jpg 200w, https:\/\/www.luukoski.net\/wp-content\/uploads\/2023\/03\/2023-03-07-22-05-10-882-768x1153.jpg 768w, https:\/\/www.luukoski.net\/wp-content\/uploads\/2023\/03\/2023-03-07-22-05-10-882-1023x1536.jpg 1023w, https:\/\/www.luukoski.net\/wp-content\/uploads\/2023\/03\/2023-03-07-22-05-10-882.jpg 1080w\" sizes=\"auto, (max-width: 682px) 100vw, 682px\" \/><button\n\t\t\tclass=\"lightbox-trigger\"\n\t\t\ttype=\"button\"\n\t\t\taria-haspopup=\"dialog\"\n\t\t\taria-label=\"Suurenna\"\n\t\t\tdata-wp-init=\"callbacks.initTriggerButton\"\n\t\t\tdata-wp-on-async--click=\"actions.showLightbox\"\n\t\t\tdata-wp-style--right=\"state.imageButtonRight\"\n\t\t\tdata-wp-style--top=\"state.imageButtonTop\"\n\t\t>\n\t\t\t<svg xmlns=\"http:\/\/www.w3.org\/2000\/svg\" width=\"12\" height=\"12\" fill=\"none\" viewBox=\"0 0 12 12\">\n\t\t\t\t<path fill=\"#fff\" d=\"M2 0a2 2 0 0 0-2 2v2h1.5V2a.5.5 0 0 1 .5-.5h2V0H2Zm2 10.5H2a.5.5 0 0 1-.5-.5V8H0v2a2 2 0 0 0 2 2h2v-1.5ZM8 12v-1.5h2a.5.5 0 0 0 .5-.5V8H12v2a2 2 0 0 1-2 2H8Zm2-12a2 2 0 0 1 2 2v2h-1.5V2a.5.5 0 0 0-.5-.5H8V0h2Z\" \/>\n\t\t\t<\/svg>\n\t\t<\/button><\/figure><\/div>\n\n\n<p>Minna on Oulusta kotoisin oleva, hyvin hienoisesti yli nelikymppinen naisihminen, joka t\u00e4ll\u00e4 hetkell\u00e4 ty\u00f6skentelee erityistason lastensuojelulaitoksessa kasvattajana. Aiemmin Minna toimi kolme vuotta ammattiopiston ammatinohjaajana\/tallimestarina hevostalouspuolella. Minnan mottona ty\u00f6el\u00e4m\u00e4ss\u00e4 on aina ollut se, ett\u00e4 &#8221;tekev\u00e4lle ty\u00f6t\u00e4 l\u00f6ytyy ja mit\u00e4 ei osata, opetellaan&#8221;. Minna onkin haalannut ty\u00f6kokemusta muun muassa tallit\u00f6ist\u00e4, ratsastuksenohjaamisesta, myyntit\u00f6ist\u00e4 lehtikauppiaana ja hevostarvikeliikkeess\u00e4, baaripirkkoilusta, taksin ratista, trukin puikoista ja tehdast\u00f6iss\u00e4 niin pintak\u00e4sittelyst\u00e4, laadunvalvonnasta, kuin tiimin vet\u00e4misest\u00e4kin. <br><br>Minna on syntyess\u00e4\u00e4n pudonnut, ei voimajuomapataan, mutta johonkin el\u00e4inrakkauskastikkeeseen. Minnan suvussa ei ole varsinaisesti mit\u00e4\u00e4n intohimoisia el\u00e4inharrastajia, mutta Minna on pienest\u00e4 saakka haalannut kotiin kaikki l\u00f6yt\u00e4m\u00e4ns\u00e4 irtokoirat ja kinunnut hevosen selk\u00e4\u00e4n suunnilleen heti kun on puhumaan sen verran oppinut. Ratsastustunneilla Minna kulki s\u00e4\u00e4nn\u00f6llisesti ala-asteen (nyky\u00e4\u00e4n alakoulu) aikana ja siihen aikaan tallitytt\u00f6kulttuuri oli kovin erilaista kuin nyky\u00e4\u00e4n. Talleilla vietettiin kaikki aika ihan vain harjailemassa hevosia ja karsinoista siivottiin jopa k\u00e4sin kaikki viimeisetkin pikkukikkareet. Oli ylpeyden aihe saada hoitaa hevosia, eik\u00e4 \u00e4itik\u00e4\u00e4n ollut lainkaan pahoillaan siit\u00e4, ett\u00e4 tiesi tasan tarkkaan miss\u00e4 tytt\u00e4rens\u00e4 aikaa viett\u00e4\u00e4.<br><br>My\u00f6hemminkin Minna on hoitanut, ajanut ja ratsastanut l\u00e4j\u00e4p\u00e4in erilaisia hevosia ravureista ratsuihin. Yl\u00e4asteen (nyk. yl\u00e4koulu) j\u00e4lkeen Minna hakikin Pudasj\u00e4rvelle opiskelemaan hevostenhoitajaksi, mutta j\u00e4i lopulta yhteen harjoittelupaikkaansa t\u00f6ihin ja itse opinnot j\u00e4iv\u00e4t kesken. Vuosiin mahtuu my\u00f6s opintoja ratsastuksenohjaajaksi, sek\u00e4 ravintola-alalle, mutta el\u00e4m\u00e4 vei ty\u00f6rintamalla ja opinnot j\u00e4iv\u00e4t syyst\u00e4 tai toisesta silloinkin kesken. Ty\u00f6kokemusta tuli lis\u00e4\u00e4 senkin edest\u00e4. Aikuisi\u00e4ll\u00e4 Minna on opiskellut nykyisen aviomiehens\u00e4 Jiipeen tuella ja kannustuksella el\u00e4intenhoitajaksi linjalta, jossa painotuksena oli koirien k\u00e4ytt\u00e4ytyminen ja koulutus. Minna on my\u00f6s opiskellut klinikkael\u00e4inhoitajan ammattitutkinnon, josta tuli stipendi, sek\u00e4 tallimestarin erikoisammattitutkinnon. Minnalla on vuonna 2023 suoritettu siittola-avustajan p\u00e4tevyys ja sit\u00e4 my\u00f6ten lupa siement\u00e4\u00e4 el\u00e4inl\u00e4\u00e4k\u00e4rin tutkimia tammoja. Tammikuussa 2024 Minna aloitti uudet opinnot t\u00e4ht\u00e4imen\u00e4\u00e4n yhteis\u00f6pedagogin tutkinto (AMK), suuntanaan nuorisoty\u00f6. Hommaa oli lopulta ilmeisesti liian v\u00e4h\u00e4n, joten lis\u00e4ksi Minna haki ja p\u00e4\u00e4si opiskelemaan johtamisen ja yritysjohtamisen erikoisammattitutkintoa suuntautumisena hevosalan yritykset. Varsinaiset opinnot alkoivat tammikuussa 2025. Marraskuussa 2025 Minna suoritti hyv\u00e4ksytysti johtajana toimimisen tutkinnonosan (80op) hyvin arvioinnein. J\u00e4ljell\u00e4 olevat valinnaiset tutkinnonosat (2 x 50op) h\u00e4n suorittaa joskus my\u00f6hemmin tulevaisuudessa, kunhan muut opinnot on alta pois.<br><br>Koirien kanssa Minna on harrastanut vasta muutaman vuoden ja onkin varsin noviisi sill\u00e4 saralla. T\u00e4h\u00e4n menness\u00e4 Minna on kouluttanut itse nelj\u00e4 koiraa l\u00e4pi k\u00e4ytt\u00e4ytymiskokeen (BH), sek\u00e4 saanut kolmella koiralla tuloksia tottelevaisuuskokeiden alokasluokasta. Ensimm\u00e4inen harrastuskoira oli kes\u00e4ll\u00e4 2022 edesmennyt saksanpaimenkoira Athletic &#8221;Sani&#8221;, jolla koulutustunnus BH, sek\u00e4 tottelevaisuudesta ALO 1-tulos. Seuraava oli lokakuussa 2016 \u00e4killisesti ihan liian nuorena kuollut dobermanni uros Denwest Rodolphe Forget &#8221;Roope&#8221;, jolle ehdittiin saada aikaan koulutustunnus BH, suoritettu MH, sek\u00e4 LTE pistein 186+++. Kolmas harrastuskoira oli kodinvaihtajana tullut dobermanni uros Denwest Cairngorm &#8221;Huge&#8221;, jolla koulutustunnus BH, sek\u00e4 TK1. Lis\u00e4ksi Hugella suoritettiin MH, sek\u00e4 LTE pistein 169+++. Hugella treenattiin my\u00f6s PK hakua, mutta sel\u00e4ss\u00e4 oleva spondyloosi alkoi oireilemaan, jolloin haaveet enemm\u00e4st\u00e4 harrastamisesta j\u00e4i. Huge siirtyi ajasta ikuisuuteen tammikuussa 2024. Nelj\u00e4nten\u00e4 on opiskeluaikoina alun perin projektikoiraksi tullut belgianpaimenkoira malinois Raciel&#8217;s G-Man &#8221;Seppo&#8221;, joka kuitenkin loukkasi jalkansa jo pentuna ja jonka Minna osti sitten itselleen. Sepon jalka leikattiin ja se on kuntoutunut hienosti. Sepolla on koulutustunnukset BH, sek\u00e4 TK1 ja sen kanssa on harrastettu PK hakua. Seppo kuitenkin pelk\u00e4\u00e4 laukauksia, joten koetulokset palveluskoirapuolelta taitaa j\u00e4\u00e4d\u00e4 haaveeksi Seponkin kanssa ellei sitten intouduta s\u00e4\u00e4nt\u00f6muutoksien mahdollistamana ns. B-tottiksiin PK-puolella. Sepon kanssa on k\u00e4yty kokeilemassa my\u00f6s luonnetestiss\u00e4, mutta juuri \u00e4\u00e4niarkuuden vuoksi tulos on hyl\u00e4tty (168p.). Perheess\u00e4 on my\u00f6s upea hollanninpaimenkoira Hannu, jonka kanssa on k\u00e4yty vain luonnetestiss\u00e4 em\u00e4nn\u00e4n laiskuuden ja opinto-\/ty\u00f6kiireiden vuoksi, mutta Hannu on mahtava kotikoiranakin. Tuorein tulokas on Hannun oma tyt\u00e4r Kerttu, joka on syntynyt 12.8.2025. Kerttu on pentueen pienin, mutta pippurinen kuin mik\u00e4. Kerttu on meill\u00e4 sijoituksessa Kare-Saran kennelist\u00e4.<br><br>Minna on opinnoissaan saanut kehuja etenkin el\u00e4intenlukutaidostaan. T\u00e4ll\u00e4 hetkell\u00e4 ty\u00f6 ja omat el\u00e4imet viev\u00e4t ajan, mutta mik\u00e4li sinulla on esim. ongelmia pieniss\u00e4 hoitotoimissa (mm. kynsien leikkuu, l\u00e4\u00e4kkeiden anto, tms.), tai muuta ongelmaa hevosten, koirien tai muiden lemmikkiel\u00e4imiesi kanssa niin voit kysy\u00e4 apuja kohtuulliseen hintaan mik\u00e4li aikataulut ja ajoreitit osuvat kohtuudella yksiin. Kes\u00e4ll\u00e4 2025 my\u00f6s el\u00e4inl\u00e4\u00e4k\u00e4rin tutkimien tammojen siemennys on mahdollista.<\/p>\n\n\n\n<ul class=\"wp-block-social-links alignright has-large-icon-size has-visible-labels is-content-justification-right is-layout-flex wp-container-core-social-links-is-layout-765c4724 wp-block-social-links-is-layout-flex\"><li class=\"wp-social-link wp-social-link-mail  wp-block-social-link\"><a href=\"mailto:&#109;in&#110;a&#064;lu&#117;k&#111;&#115;&#107;&#105;&#046;n&#101;t\" class=\"wp-block-social-link-anchor\"><svg width=\"24\" height=\"24\" viewBox=\"0 0 24 24\" version=\"1.1\" xmlns=\"http:\/\/www.w3.org\/2000\/svg\" aria-hidden=\"true\" focusable=\"false\"><path d=\"M19,5H5c-1.1,0-2,.9-2,2v10c0,1.1.9,2,2,2h14c1.1,0,2-.9,2-2V7c0-1.1-.9-2-2-2zm.5,12c0,.3-.2.5-.5.5H5c-.3,0-.5-.2-.5-.5V9.8l7.5,5.6,7.5-5.6V17zm0-9.1L12,13.6,4.5,7.9V7c0-.3.2-.5.5-.5h14c.3,0,.5.2.5.5v.9z\"><\/path><\/svg><span class=\"wp-block-social-link-label\">Mail<\/span><\/a><\/li><\/ul>\n\n\n\n<figure class=\"wp-block-image size-large is-resized is-style-rounded\"><img loading=\"lazy\" decoding=\"async\" width=\"768\" height=\"1024\" src=\"http:\/\/www.luukoski.net\/wp-content\/uploads\/2023\/03\/IMG-20200514-WA0029-768x1024.jpg\" alt=\"\" class=\"wp-image-21\" style=\"width:540px;height:auto\" srcset=\"https:\/\/www.luukoski.net\/wp-content\/uploads\/2023\/03\/IMG-20200514-WA0029-768x1024.jpg 768w, https:\/\/www.luukoski.net\/wp-content\/uploads\/2023\/03\/IMG-20200514-WA0029-225x300.jpg 225w, https:\/\/www.luukoski.net\/wp-content\/uploads\/2023\/03\/IMG-20200514-WA0029-1152x1536.jpg 1152w, https:\/\/www.luukoski.net\/wp-content\/uploads\/2023\/03\/IMG-20200514-WA0029.jpg 1200w\" sizes=\"auto, (max-width: 768px) 100vw, 768px\" \/><figcaption class=\"wp-element-caption\">Seppo, Minna ja Huge<\/figcaption><\/figure>\n","protected":false},"excerpt":{"rendered":"<p>Minna on Oulusta kotoisin oleva, hyvin hienoisesti yli nelikymppinen naisihminen, joka t\u00e4ll\u00e4 hetkell\u00e4 ty\u00f6skentelee erityistason lastensuojelulaitoksessa kasvattajana. Aiemmin Minna toimi kolme vuotta<\/p>\n<p class=\"link-more\"><a class=\"myButt \" href=\"https:\/\/www.luukoski.net\/?page_id=51\">Read More<\/a><\/p>\n","protected":false},"author":1,"featured_media":0,"parent":0,"menu_order":0,"comment_status":"closed","ping_status":"closed","template":"","meta":{"footnotes":""},"class_list":["post-51","page","type-page","status-publish","hentry"],"_links":{"self":[{"href":"https:\/\/www.luukoski.net\/index.php?rest_route=\/wp\/v2\/pages\/51","targetHints":{"allow":["GET"]}}],"collection":[{"href":"https:\/\/www.luukoski.net\/index.php?rest_route=\/wp\/v2\/pages"}],"about":[{"href":"https:\/\/www.luukoski.net\/index.php?rest_route=\/wp\/v2\/types\/page"}],"author":[{"embeddable":true,"href":"https:\/\/www.luukoski.net\/index.php?rest_route=\/wp\/v2\/users\/1"}],"replies":[{"embeddable":true,"href":"https:\/\/www.luukoski.net\/index.php?rest_route=%2Fwp%2Fv2%2Fcomments&post=51"}],"version-history":[{"count":21,"href":"https:\/\/www.luukoski.net\/index.php?rest_route=\/wp\/v2\/pages\/51\/revisions"}],"predecessor-version":[{"id":334,"href":"https:\/\/www.luukoski.net\/index.php?rest_route=\/wp\/v2\/pages\/51\/revisions\/334"}],"wp:attachment":[{"href":"https:\/\/www.luukoski.net\/index.php?rest_route=%2Fwp%2Fv2%2Fmedia&parent=51"}],"curies":[{"name":"wp","href":"https:\/\/api.w.org\/{rel}","templated":true}]}}